{"id":9,"date":"2022-06-21T09:02:07","date_gmt":"2022-06-21T09:02:07","guid":{"rendered":"http:\/\/oasb.rs\/?page_id=9"},"modified":"2026-03-27T13:34:44","modified_gmt":"2026-03-27T13:34:44","slug":"pocetna","status":"publish","type":"page","link":"https:\/\/oasb.rs\/","title":{"rendered":"Po\u010detna"},"content":{"rendered":"\n\t<section class=\"section dark\" id=\"section_1948040087\">\n\t\t<div class=\"bg section-bg fill bg-fill  \" >\n\n\t\t\t\n\t\t\t<div class=\"section-bg-overlay absolute fill\"><\/div><button class=\"scroll-for-more z-5 icon absolute bottom h-center\" aria-label=\"Scroll for more\"><i class=\"icon-angle-down\" style=\"font-size:42px;\"><\/i><\/button>\n\t\t\t\n\n\t\t<\/div>\n\n\t\t\n\n\t\t<div class=\"section-content relative\">\n\t\t\t\n\n<div class=\"row\"  id=\"row-1133274352\">\n\n\n\t<div id=\"col-590130971\" class=\"col small-12 large-12\"  >\n\t\t\t\t<div class=\"col-inner text-center\"  >\n\t\t\t\n\t\t\t\n\n\t<div id=\"text-2749575046\" class=\"text\">\n\t\t\n\n<h2 class=\"uppercase\" style=\"font-size: 300%;\">organizacija atletskih sudija beograda<\/h2>\n\t\t\n<style>\n#text-2749575046 {\n  font-size: 0.75rem;\n}\n@media (min-width:550px) {\n  #text-2749575046 {\n    font-size: 1rem;\n  }\n}\n@media (min-width:850px) {\n  #text-2749575046 {\n    font-size: 1.2rem;\n  }\n}\n<\/style>\n\t<\/div>\n\t\n\t<div id=\"gap-636255632\" class=\"gap-element clearfix\" style=\"display:block; height:auto;\">\n\t\t\n<style>\n#gap-636255632 {\n  padding-top: 30px;\n}\n<\/style>\n\t<\/div>\n\t\n\n<a rel=\"noopener noreferrer\" href=\"http:\/\/oasb.rs\/wp-content\/uploads\/documents\/2.-\u041a\u0430\u043b\u0435\u043d\u0434\u0430\u0440-\u0430\u0442\u043b\u0435\u0442\u0441\u043a\u0438\u0445-\u0442\u0430\u043a\u043c\u0438\u0447\u0435\u045a\u0430-2026.-\u0433\u043e\u0434\u0438\u043d\u0430.pdf\" target=\"_blank\" class=\"button white is-gloss\"  style=\"border-radius:10px;padding:10px 10px 10px 10px;\">\n    <span>Kalendar takmi\u010cenja 2026<\/span>\n  <i class=\"icon-angle-right\" ><\/i><\/a>\n\n\n\t<div id=\"gap-1503568991\" class=\"gap-element clearfix\" style=\"display:block; height:auto;\">\n\t\t\n<style>\n#gap-1503568991 {\n  padding-top: 30px;\n}\n<\/style>\n\t<\/div>\n\t\n\n\n\t\t<\/div>\n\t\t\t\t\n<style>\n#col-590130971 > .col-inner {\n  margin: 0px 0px -15px 0px;\n}\n<\/style>\n\t<\/div>\n\n\t\n\n<\/div>\n\n\t\t<\/div>\n\n\t\t\n<style>\n#section_1948040087 {\n  padding-top: 60px;\n  padding-bottom: 60px;\n  min-height: 333px;\n}\n#section_1948040087 .section-bg-overlay {\n  background-color: rgba(0, 0, 0, 0.581);\n}\n#section_1948040087 .section-bg.bg-loaded {\n  background-image: url(https:\/\/oasb.rs\/wp-content\/uploads\/2025\/12\/pocetna.jpeg);\n}\n#section_1948040087 .section-bg {\n  background-position: 0% 0%;\n}\n#section_1948040087 .ux-shape-divider--top svg {\n  height: 150px;\n  --divider-top-width: 100%;\n}\n#section_1948040087 .ux-shape-divider--bottom svg {\n  height: 150px;\n  --divider-width: 100%;\n}\n@media (min-width:550px) {\n  #section_1948040087 {\n    min-height: 333px;\n  }\n}\n<\/style>\n\t<\/section>\n\t\n\t<section class=\"section\" id=\"section_1266814086\">\n\t\t<div class=\"bg section-bg fill bg-fill  bg-loaded\" >\n\n\t\t\t\n\t\t\t<div class=\"section-bg-overlay absolute fill\"><\/div>\n\t\t\t\n\n\t\t<\/div>\n\n\t\t\n\n\t\t<div class=\"section-content relative\">\n\t\t\t\n\n\t<div id=\"gap-1236640865\" class=\"gap-element clearfix\" style=\"display:block; height:auto;\">\n\t\t\n<style>\n#gap-1236640865 {\n  padding-top: 30px;\n}\n<\/style>\n\t<\/div>\n\t\n\n<div class=\"row\"  id=\"row-1651445221\">\n\n\n\t<div id=\"col-1199819141\" class=\"col medium-12 small-12 large-8\"  >\n\t\t\t\t<div class=\"col-inner\"  >\n\t\t\t\n\t\t\t\n\n\n  <div class=\"banner has-hover\" id=\"banner-1885741446\">\n          <div class=\"banner-inner fill\">\n        <div class=\"banner-bg fill\" >\n            <div class=\"bg fill bg-fill \"><\/div>\n                        <div class=\"overlay\"><\/div>            \n                    <\/div>\n\t\t\n        <div class=\"banner-layers container\">\n            <div class=\"fill banner-link\"><\/div>            \n\n\n        <\/div>\n      <\/div>\n\n            \n<style>\n#banner-1885741446 {\n  padding-top: 300px;\n  background-color: rgba(255, 255, 255, 0);\n}\n#banner-1885741446 .bg.bg-loaded {\n  background-image: url(https:\/\/oasb.rs\/wp-content\/uploads\/2025\/12\/o-nama.jpeg);\n}\n#banner-1885741446 .overlay {\n  background-color: rgba(0, 0, 0, 0.198);\n}\n#banner-1885741446 .bg {\n  background-position: 61% 55%;\n}\n#banner-1885741446 .ux-shape-divider--top svg {\n  height: 150px;\n  --divider-top-width: 100%;\n}\n#banner-1885741446 .ux-shape-divider--bottom svg {\n  height: 150px;\n  --divider-width: 100%;\n}\n@media (min-width:550px) {\n  #banner-1885741446 {\n    padding-top: 450px;\n  }\n}\n<\/style>\n  <\/div>\n\n\n\n\t\t<\/div>\n\t\t\t\t\t<\/div>\n\n\t\n\n<\/div>\n<div class=\"row align-right\"  id=\"row-2005782920\">\n\n\n\t<div id=\"col-1892383700\" class=\"col medium-12 small-12 large-6\"  >\n\t\t\t\t<div class=\"col-inner\" style=\"background-color:rgb(39, 54, 71);\" >\n\t\t\t\n\t\t\t\n\n\t<div id=\"text-2068807793\" class=\"text\">\n\t\t\n\n<h2>O organizaciji<\/h2>\n\t\t\n<style>\n#text-2068807793 {\n  font-size: 1.25rem;\n  color: rgb(255, 255, 255);\n}\n#text-2068807793 > * {\n  color: rgb(255, 255, 255);\n}\n<\/style>\n\t<\/div>\n\t\n\t<div id=\"text-3852819688\" class=\"text\">\n\t\t\n\n<p><b>OASB<\/b> okuplja licencirane atletske sudije koje obezbe\u0111uju stru\u010dno i nepristrasno sprovo\u0111enje takmi\u010denja u Republici Srbiji.<\/p>\n\t\t\n<style>\n#text-3852819688 {\n  color: rgb(255,255,255);\n}\n#text-3852819688 > * {\n  color: rgb(255,255,255);\n}\n<\/style>\n\t<\/div>\n\t\n\n\t\t<\/div>\n\t\t\t\t\n<style>\n#col-1892383700 > .col-inner {\n  padding: 7% 8% 5% 8%;\n  margin: -50px 0 0px 0px;\n}\n@media (min-width:550px) {\n  #col-1892383700 > .col-inner {\n    padding: 6% 8% 5% 8%;\n  }\n}\n@media (min-width:850px) {\n  #col-1892383700 > .col-inner {\n    padding: 8% 8% 5% 8%;\n    margin: -383px 0px 0px 0px;\n  }\n}\n<\/style>\n\t<\/div>\n\n\t\n\n<\/div>\n\n\t\t<\/div>\n\n\t\t\n<style>\n#section_1266814086 {\n  padding-top: 30px;\n  padding-bottom: 30px;\n}\n#section_1266814086 .section-bg-overlay {\n  background-color: rgb(135, 169, 209);\n}\n#section_1266814086 .ux-shape-divider--top svg {\n  height: 150px;\n  --divider-top-width: 100%;\n}\n#section_1266814086 .ux-shape-divider--bottom svg {\n  height: 150px;\n  --divider-width: 100%;\n}\n@media (min-width:550px) {\n  #section_1266814086 {\n    padding-top: 50px;\n    padding-bottom: 50px;\n  }\n}\n<\/style>\n\t<\/section>\n\t\n\t<section class=\"section\" id=\"section_2130522284\">\n\t\t<div class=\"bg section-bg fill bg-fill  bg-loaded\" >\n\n\t\t\t\n\t\t\t\n\t\t\t\n\n\t\t<\/div>\n\n\t\t\n\n\t\t<div class=\"section-content relative\">\n\t\t\t\n\n<div class=\"container section-title-container\" ><h2 class=\"section-title section-title-center\"><b><\/b><span class=\"section-title-main\" style=\"color:rgb(39, 54, 71);\">Poslednje vesti<\/span><b><\/b><\/h2><\/div>\n\n\n  \n    <div class=\"row large-columns-3 medium-columns- small-columns-1 row-large row-full-width has-shadow row-box-shadow-2\">\n  <div class=\"col post-item\" >\n\t\t\t<div class=\"col-inner\">\n\t\t\t<a href=\"https:\/\/oasb.rs\/index.php\/65-skupstina-oasb-materijal\/\" class=\"plain\">\n\t\t\t\t<div class=\"box box-bounce box-text-bottom box-blog-post has-hover\">\n            \t\t\t\t\t<div class=\"box-image\" >\n  \t\t\t\t\t\t<div class=\"image-cover\" style=\"padding-top:180px;\">\n  \t\t\t\t\t\t\t<img data-recalc-dims=\"1\" loading=\"lazy\" decoding=\"async\" width=\"1020\" height=\"681\" src=\"https:\/\/i0.wp.com\/oasb.rs\/wp-content\/uploads\/2022\/10\/formular1.jpg?resize=1020%2C681&#038;ssl=1\" class=\"attachment-original size-original wp-post-image\" alt=\"\" srcset=\"https:\/\/i0.wp.com\/oasb.rs\/wp-content\/uploads\/2022\/10\/formular1.jpg?w=1920&amp;ssl=1 1920w, https:\/\/i0.wp.com\/oasb.rs\/wp-content\/uploads\/2022\/10\/formular1.jpg?resize=300%2C200&amp;ssl=1 300w, https:\/\/i0.wp.com\/oasb.rs\/wp-content\/uploads\/2022\/10\/formular1.jpg?resize=1024%2C683&amp;ssl=1 1024w, https:\/\/i0.wp.com\/oasb.rs\/wp-content\/uploads\/2022\/10\/formular1.jpg?resize=768%2C512&amp;ssl=1 768w, https:\/\/i0.wp.com\/oasb.rs\/wp-content\/uploads\/2022\/10\/formular1.jpg?resize=1536%2C1025&amp;ssl=1 1536w\" sizes=\"auto, (max-width: 1020px) 100vw, 1020px\" \/>  \t\t\t\t\t\t\t  \t\t\t\t\t\t\t  \t\t\t\t\t\t<\/div>\n  \t\t\t\t\t\t  \t\t\t\t\t<\/div>\n          \t\t\t\t\t<div class=\"box-text text-center dark\" style=\"background-color:rgb(135, 169, 209);\">\n\t\t\t\t\t<div class=\"box-text-inner blog-post-inner\">\n\n\t\t\t\t\t\n\t\t\t\t\t\t\t\t\t\t<h5 class=\"post-title is-large uppercase\">65. Skup\u0161tina OASB &#8211; Materijal<\/h5>\n\t\t\t\t\t\t\t\t\t\t<div class=\"is-divider\"><\/div>\n\t\t\t\t\t\t\t\t\t\t<p class=\"from_the_blog_excerpt \">U prilogu se nalazi dnevni red za 65. skup\u0161tinu OASB, kao i izve\u0161taj o njenom [...]\t\t\t\t\t<\/p>\n\t\t\t\t\t                    \n\t\t\t\t\t\t\t\t\t\t\t<button href=\"https:\/\/oasb.rs\/index.php\/65-skupstina-oasb-materijal\/\" class=\"button white is-outline is-small mb-0\">\n\t\t\t\t\t\t\tdetaljnije...\t\t\t\t\t\t<\/button>\n\t\t\t\t\t\n\t\t\t\t\t\n\t\t\t\t\t<\/div>\n\t\t\t\t\t<\/div>\n\t\t\t\t\t\t\t\t\t\t\t\t\t\t\t\t<div class=\"badge absolute top post-date badge-outline\">\n\t\t\t\t\t\t\t<div class=\"badge-inner\">\n\t\t\t\t\t\t\t\t<span class=\"post-date-day\">27<\/span><br>\n\t\t\t\t\t\t\t\t<span class=\"post-date-month is-xsmall\">Mar<\/span>\n\t\t\t\t\t\t\t<\/div>\n\t\t\t\t\t\t<\/div>\n\t\t\t\t\t\t\t\t\t<\/div>\n\t\t\t\t<\/a>\n\t\t\t<\/div>\n\t\t<\/div><div class=\"col post-item\" >\n\t\t\t<div class=\"col-inner\">\n\t\t\t<a href=\"https:\/\/oasb.rs\/index.php\/64-skupstina-oasb-materijal\/\" class=\"plain\">\n\t\t\t\t<div class=\"box box-bounce box-text-bottom box-blog-post has-hover\">\n            \t\t\t\t\t<div class=\"box-image\" >\n  \t\t\t\t\t\t<div class=\"image-cover\" style=\"padding-top:180px;\">\n  \t\t\t\t\t\t\t<img data-recalc-dims=\"1\" loading=\"lazy\" decoding=\"async\" width=\"1020\" height=\"681\" src=\"https:\/\/i0.wp.com\/oasb.rs\/wp-content\/uploads\/2022\/10\/formular1.jpg?resize=1020%2C681&#038;ssl=1\" class=\"attachment-original size-original wp-post-image\" alt=\"\" srcset=\"https:\/\/i0.wp.com\/oasb.rs\/wp-content\/uploads\/2022\/10\/formular1.jpg?w=1920&amp;ssl=1 1920w, https:\/\/i0.wp.com\/oasb.rs\/wp-content\/uploads\/2022\/10\/formular1.jpg?resize=300%2C200&amp;ssl=1 300w, https:\/\/i0.wp.com\/oasb.rs\/wp-content\/uploads\/2022\/10\/formular1.jpg?resize=1024%2C683&amp;ssl=1 1024w, https:\/\/i0.wp.com\/oasb.rs\/wp-content\/uploads\/2022\/10\/formular1.jpg?resize=768%2C512&amp;ssl=1 768w, https:\/\/i0.wp.com\/oasb.rs\/wp-content\/uploads\/2022\/10\/formular1.jpg?resize=1536%2C1025&amp;ssl=1 1536w\" sizes=\"auto, (max-width: 1020px) 100vw, 1020px\" \/>  \t\t\t\t\t\t\t  \t\t\t\t\t\t\t  \t\t\t\t\t\t<\/div>\n  \t\t\t\t\t\t  \t\t\t\t\t<\/div>\n          \t\t\t\t\t<div class=\"box-text text-center dark\" style=\"background-color:rgb(135, 169, 209);\">\n\t\t\t\t\t<div class=\"box-text-inner blog-post-inner\">\n\n\t\t\t\t\t\n\t\t\t\t\t\t\t\t\t\t<h5 class=\"post-title is-large uppercase\">64. Skup\u0161tina OASB &#8211; Materijal<\/h5>\n\t\t\t\t\t\t\t\t\t\t<div class=\"is-divider\"><\/div>\n\t\t\t\t\t\t\t\t\t\t<p class=\"from_the_blog_excerpt \">U prilogu se nalazi dnevni red za 64. skup\u0161tinu OASB, kao i izve\u0161taj o njenom [...]\t\t\t\t\t<\/p>\n\t\t\t\t\t                    \n\t\t\t\t\t\t\t\t\t\t\t<button href=\"https:\/\/oasb.rs\/index.php\/64-skupstina-oasb-materijal\/\" class=\"button white is-outline is-small mb-0\">\n\t\t\t\t\t\t\tdetaljnije...\t\t\t\t\t\t<\/button>\n\t\t\t\t\t\n\t\t\t\t\t\n\t\t\t\t\t<\/div>\n\t\t\t\t\t<\/div>\n\t\t\t\t\t\t\t\t\t\t\t\t\t\t\t\t<div class=\"badge absolute top post-date badge-outline\">\n\t\t\t\t\t\t\t<div class=\"badge-inner\">\n\t\t\t\t\t\t\t\t<span class=\"post-date-day\">30<\/span><br>\n\t\t\t\t\t\t\t\t<span class=\"post-date-month is-xsmall\">Dec<\/span>\n\t\t\t\t\t\t\t<\/div>\n\t\t\t\t\t\t<\/div>\n\t\t\t\t\t\t\t\t\t<\/div>\n\t\t\t\t<\/a>\n\t\t\t<\/div>\n\t\t<\/div><div class=\"col post-item\" >\n\t\t\t<div class=\"col-inner\">\n\t\t\t<a href=\"https:\/\/oasb.rs\/index.php\/63-skupstina-oasb-materijal\/\" class=\"plain\">\n\t\t\t\t<div class=\"box box-bounce box-text-bottom box-blog-post has-hover\">\n          \t\t\t\t\t<div class=\"box-text text-center dark\" style=\"background-color:rgb(135, 169, 209);\">\n\t\t\t\t\t<div class=\"box-text-inner blog-post-inner\">\n\n\t\t\t\t\t\n\t\t\t\t\t\t\t\t\t\t<h5 class=\"post-title is-large uppercase\">63. skup\u0161tina OASB &#8211; Materijal<\/h5>\n\t\t\t\t\t<div class=\"post-meta is-small op-8\">November 5, 2024<\/div>\t\t\t\t\t<div class=\"is-divider\"><\/div>\n\t\t\t\t\t\t\t\t\t\t<p class=\"from_the_blog_excerpt \"> [...]\t\t\t\t\t<\/p>\n\t\t\t\t\t                    \n\t\t\t\t\t\t\t\t\t\t\t<button href=\"https:\/\/oasb.rs\/index.php\/63-skupstina-oasb-materijal\/\" class=\"button white is-outline is-small mb-0\">\n\t\t\t\t\t\t\tdetaljnije...\t\t\t\t\t\t<\/button>\n\t\t\t\t\t\n\t\t\t\t\t\n\t\t\t\t\t<\/div>\n\t\t\t\t\t<\/div>\n\t\t\t\t\t\t\t\t\t<\/div>\n\t\t\t\t<\/a>\n\t\t\t<\/div>\n\t\t<\/div><\/div>\n\n\n\t\t<\/div>\n\n\t\t\n<style>\n#section_2130522284 {\n  padding-top: 30px;\n  padding-bottom: 30px;\n}\n#section_2130522284 .ux-shape-divider--top svg {\n  height: 150px;\n  --divider-top-width: 100%;\n}\n#section_2130522284 .ux-shape-divider--bottom svg {\n  height: 150px;\n  --divider-width: 100%;\n}\n<\/style>\n\t<\/section>\n\t\n\t<section class=\"section has-mask mask-arrow\" id=\"section_303877196\">\n\t\t<div class=\"bg section-bg fill bg-fill  bg-loaded\" >\n\n\t\t\t\n\t\t\t<div class=\"section-bg-overlay absolute fill\"><\/div>\n\t\t\t\n\n\t\t<\/div>\n\n\t\t\n\n\t\t<div class=\"section-content relative\">\n\t\t\t\n\n<div class=\"container section-title-container\" ><h2 class=\"section-title section-title-center\"><b><\/b><span class=\"section-title-main\" style=\"color:rgb(255, 255, 255);\">Sudije<\/span><b><\/b><\/h2><\/div>\n\n<div class=\"row row-large steps-simple-headline\"  id=\"row-198454615\">\n\n\n\t<div id=\"col-1754522141\" class=\"col medium-4 small-12 large-4\"  >\n\t\t\t\t<div class=\"col-inner text-center\"  >\n\t\t\t\n\t\t\t\n\n\t<div class=\"img has-hover x md-x lg-x y md-y lg-y\" id=\"image_1569129981\">\n\t\t\t\t\t\t\t\t<div class=\"img-inner dark\" >\n\t\t\t<img data-recalc-dims=\"1\" loading=\"lazy\" decoding=\"async\" width=\"100\" height=\"100\" src=\"https:\/\/i0.wp.com\/oasb.rs\/wp-content\/uploads\/2025\/12\/ikonica-sudije.png?resize=100%2C100&#038;ssl=1\" class=\"attachment-original size-original\" alt=\"\" \/>\t\t\t\t\t\t\n\t\t\t\t\t<\/div>\n\t\t\t\t\t\t\t\t\n<style>\n#image_1569129981 {\n  width: 45%;\n}\n<\/style>\n\t<\/div>\n\t\n\n\n\t\t<\/div>\n\t\t\t\t\t<\/div>\n\n\t\n\n\t<div id=\"col-216494567\" class=\"col hide-for-medium medium-1 small-12 large-1\"  >\n\t\t\t\t<div class=\"col-inner\"  >\n\t\t\t\n\t\t\t\n\n\t<div id=\"gap-449180801\" class=\"gap-element clearfix\" style=\"display:block; height:auto;\">\n\t\t\n<style>\n#gap-449180801 {\n  padding-top: 30px;\n}\n<\/style>\n\t<\/div>\n\t\n\n\n\t\t<\/div>\n\t\t\t\t\t<\/div>\n\n\t\n\n\t<div id=\"col-319448641\" class=\"col medium-8 small-12 large-7\"  >\n\t\t\t\t<div class=\"col-inner\"  >\n\t\t\t\n\t\t\t\n\n<div class=\"row row-collapse\"  id=\"row-1328631699\">\n\n\n\t<div id=\"col-195246561\" class=\"col medium-1 small-2 large-1\"  >\n\t\t\t\t<div class=\"col-inner\"  >\n\t\t\t\n\t\t\t\n\n\t<div id=\"text-464620694\" class=\"text\">\n\t\t\n\n<h2>01<\/h2>\n\t\t\n<style>\n#text-464620694 {\n  color: rgb(255, 255, 255);\n}\n#text-464620694 > * {\n  color: rgb(255, 255, 255);\n}\n<\/style>\n\t<\/div>\n\t\n\n\t\t<\/div>\n\t\t\t\t\t<\/div>\n\n\t\n\n\t<div id=\"col-244862641\" class=\"col medium-11 small-10 large-11\"  >\n\t\t\t\t<div class=\"col-inner\"  >\n\t\t\t\n\t\t\t\n\n<p><b><a href=\"http:\/\/oasb.rs\/wp-content\/uploads\/documents\/\u0421\u041f\u0418\u0421\u0410\u041a \u0421\u0423\u0414\u0418\u0408\u0410.pdf\" target=\"_blank\" rel=\"noopener\"  style=\"color: #fff;\"> SPISAK SVIH LICENCIRANIH SUDIJA SRBIJE<\/b><\/a><\/p>\n\n\t\t<\/div>\n\t\t\t\t\t<\/div>\n\n\t\n\n<\/div>\n<div class=\"is-divider divider clearfix\" style=\"margin-top:10px;margin-bottom:10px;max-width:100%;height:1px;\"><\/div>\n\n<div class=\"row row-collapse\"  id=\"row-1853661785\">\n\n\n\t<div id=\"col-132528653\" class=\"col medium-1 small-2 large-1\"  >\n\t\t\t\t<div class=\"col-inner\"  >\n\t\t\t\n\t\t\t\n\n\t<div id=\"text-3777519175\" class=\"text\">\n\t\t\n\n<h2>02<\/h2>\n\t\t\n<style>\n#text-3777519175 {\n  text-align: left;\n  color: rgb(255,255,255);\n}\n#text-3777519175 > * {\n  color: rgb(255,255,255);\n}\n<\/style>\n\t<\/div>\n\t\n\n\t\t<\/div>\n\t\t\t\t\t<\/div>\n\n\t\n\n\t<div id=\"col-1569949533\" class=\"col medium-11 small-10 large-11\"  >\n\t\t\t\t<div class=\"col-inner\"  >\n\t\t\t\n\t\t\t\n\n\t<div id=\"text-2932175464\" class=\"text\">\n\t\t\n\n<p><b><a href=\"http:\/\/oasb.rs\/wp-content\/uploads\/documents\/spisak_sudija-organizacija_atletskih_sudija_srbije.jpg\" target=\"_blank\" rel=\"noopener\"  style=\"color: #fff;\">SPISAK SUDIJA OASB<\/b><\/a><\/p>\n\t\t\n<style>\n#text-2932175464 {\n  color: rgb(255, 255, 255);\n}\n#text-2932175464 > * {\n  color: rgb(255, 255, 255);\n}\n<\/style>\n\t<\/div>\n\t\n\n\t\t<\/div>\n\t\t\t\t\t<\/div>\n\n\t\n\n<\/div>\n<div class=\"is-divider divider clearfix\" style=\"margin-top:10px;margin-bottom:10px;max-width:100%;height:1px;\"><\/div>\n\n\n\n\t\t<\/div>\n\t\t\t\t\t<\/div>\n\n\t\n\n<\/div>\n\n\t\t<\/div>\n\n\t\t\n<style>\n#section_303877196 {\n  padding-top: 50px;\n  padding-bottom: 50px;\n}\n#section_303877196 .section-bg-overlay {\n  background-color: rgb(135, 169, 209);\n}\n#section_303877196 .ux-shape-divider--top svg {\n  height: 150px;\n  --divider-top-width: 100%;\n}\n#section_303877196 .ux-shape-divider--bottom svg {\n  height: 150px;\n  --divider-width: 100%;\n}\n@media (min-width:550px) {\n  #section_303877196 {\n    padding-top: 50px;\n    padding-bottom: 50px;\n  }\n}\n@media (min-width:850px) {\n  #section_303877196 {\n    padding-top: 60px;\n    padding-bottom: 60px;\n  }\n}\n<\/style>\n\t<\/section>\n\t\n\n","protected":false},"excerpt":{"rendered":"","protected":false},"author":1,"featured_media":0,"parent":0,"menu_order":0,"comment_status":"closed","ping_status":"open","template":"page-blank.php","meta":{"footnotes":""},"class_list":["post-9","page","type-page","status-publish","hentry"],"jetpack_sharing_enabled":true,"_links":{"self":[{"href":"https:\/\/oasb.rs\/index.php\/wp-json\/wp\/v2\/pages\/9","targetHints":{"allow":["GET"]}}],"collection":[{"href":"https:\/\/oasb.rs\/index.php\/wp-json\/wp\/v2\/pages"}],"about":[{"href":"https:\/\/oasb.rs\/index.php\/wp-json\/wp\/v2\/types\/page"}],"author":[{"embeddable":true,"href":"https:\/\/oasb.rs\/index.php\/wp-json\/wp\/v2\/users\/1"}],"replies":[{"embeddable":true,"href":"https:\/\/oasb.rs\/index.php\/wp-json\/wp\/v2\/comments?post=9"}],"version-history":[{"count":77,"href":"https:\/\/oasb.rs\/index.php\/wp-json\/wp\/v2\/pages\/9\/revisions"}],"predecessor-version":[{"id":12660,"href":"https:\/\/oasb.rs\/index.php\/wp-json\/wp\/v2\/pages\/9\/revisions\/12660"}],"wp:attachment":[{"href":"https:\/\/oasb.rs\/index.php\/wp-json\/wp\/v2\/media?parent=9"}],"curies":[{"name":"wp","href":"https:\/\/api.w.org\/{rel}","templated":true}]}}