{"id":18,"date":"2022-06-21T09:14:06","date_gmt":"2022-06-21T09:14:06","guid":{"rendered":"http:\/\/oasb.rs\/?page_id=18"},"modified":"2025-12-29T23:38:42","modified_gmt":"2025-12-29T23:38:42","slug":"kontakt","status":"publish","type":"page","link":"https:\/\/oasb.rs\/index.php\/kontakt\/","title":{"rendered":"Kontakt"},"content":{"rendered":"\n\t<section class=\"section\" id=\"section_681516003\">\n\t\t<div class=\"bg section-bg fill bg-fill  \" >\n\n\t\t\t\n\t\t\t<div class=\"section-bg-overlay absolute fill\"><\/div><button class=\"scroll-for-more z-5 icon absolute bottom h-center\" aria-label=\"Scroll for more\"><i class=\"icon-angle-down\" style=\"font-size:42px;\"><\/i><\/button>\n\t\t\t\n\n\t\t<\/div>\n\n\t\t\n\n\t\t<div class=\"section-content relative\">\n\t\t\t\n\n<div class=\"row\"  id=\"row-1559163910\">\n\n\n\t<div id=\"col-768438070\" class=\"col small-12 large-12\"  >\n\t\t\t\t<div class=\"col-inner text-center dark\"  >\n\t\t\t\n\t\t\t\n\n\t<div id=\"text-3084304115\" class=\"text\">\n\t\t\n\n<h2 class=\"uppercase\" style=\"font-size: 300%;\">kontakt<\/h2>\n\t\t\n<style>\n#text-3084304115 {\n  font-size: 0.75rem;\n}\n@media (min-width:550px) {\n  #text-3084304115 {\n    font-size: 1rem;\n  }\n}\n@media (min-width:850px) {\n  #text-3084304115 {\n    font-size: 1.2rem;\n  }\n}\n<\/style>\n\t<\/div>\n\t\n\n\t\t<\/div>\n\t\t\t\t\n<style>\n#col-768438070 > .col-inner {\n  margin: 0px 0px -15px 0px;\n}\n<\/style>\n\t<\/div>\n\n\t\n\n<\/div>\n\n\t\t<\/div>\n\n\t\t\n<style>\n#section_681516003 {\n  padding-top: 0px;\n  padding-bottom: 0px;\n  min-height: 222px;\n}\n#section_681516003 .section-bg-overlay {\n  background-color: rgba(0, 0, 0, 0.581);\n}\n#section_681516003 .section-bg.bg-loaded {\n  background-image: url(https:\/\/oasb.rs\/wp-content\/uploads\/2025\/12\/baner.jpeg);\n}\n#section_681516003 .section-bg {\n  background-position: 57% 50%;\n}\n#section_681516003 .ux-shape-divider--top svg {\n  height: 150px;\n  --divider-top-width: 100%;\n}\n#section_681516003 .ux-shape-divider--bottom svg {\n  height: 150px;\n  --divider-width: 100%;\n}\n@media (min-width:550px) {\n  #section_681516003 {\n    padding-top: 0px;\n    padding-bottom: 0px;\n    min-height: 333px;\n  }\n  #section_681516003 .section-bg-overlay {\n    background-color: rgba(0, 0, 0, 0.581);\n  }\n}\n@media (min-width:850px) {\n  #section_681516003 {\n    padding-top: 60px;\n    padding-bottom: 60px;\n    min-height: 444px;\n  }\n  #section_681516003 .section-bg-overlay {\n    background-color: rgba(0, 0, 0, 0.581);\n  }\n}\n<\/style>\n\t<\/section>\n\t\n\t<section class=\"section\" id=\"section_2058789164\">\n\t\t<div class=\"bg section-bg fill bg-fill  bg-loaded\" >\n\n\t\t\t\n\t\t\t\n\t\t\t\n\n\t\t<\/div>\n\n\t\t\n\n\t\t<div class=\"section-content relative\">\n\t\t\t\n\n<div class=\"row row-collapse align-equal\" style=\"max-width:1100px\" id=\"row-1588810509\">\n\n\n\t<div id=\"col-791726945\" class=\"col medium-4 small-12 large-4\"  >\n\t\t\t\t<div class=\"col-inner\" style=\"background-color:rgb(255,255,255);\" >\n\t\t\t\n\t\t\t\n\n\n  <div class=\"banner has-hover\" id=\"banner-1551387310\">\n          <div class=\"banner-inner fill\">\n        <div class=\"banner-bg fill\" >\n            <div class=\"bg fill bg-fill \"><\/div>\n                                    \n                    <\/div>\n\t\t\n        <div class=\"banner-layers container\">\n            <div class=\"fill banner-link\"><\/div>            \n\n\n        <\/div>\n      <\/div>\n\n            \n<style>\n#banner-1551387310 {\n  padding-top: 99.99%;\n  background-color: rgb(255, 255, 255);\n}\n#banner-1551387310 .ux-shape-divider--top svg {\n  height: 150px;\n  --divider-top-width: 100%;\n}\n#banner-1551387310 .ux-shape-divider--bottom svg {\n  height: 150px;\n  --divider-width: 100%;\n}\n<\/style>\n  <\/div>\n\n\n\n\t\t<\/div>\n\t\t\t\t\n<style>\n#col-791726945 > .col-inner {\n  padding: 0px 0px 0px 0px;\n  margin: 0px 0px -360px 0px;\n}\n<\/style>\n\t<\/div>\n\n\t\n\n\t<div id=\"col-626697829\" class=\"col medium-4 small-12 large-4\"  >\n\t\t\t\t<div class=\"col-inner text-center\" style=\"background-color:rgb(39, 54, 71);\" >\n\t\t\t\n\t\t\t\n\n\t<div id=\"text-4174936313\" class=\"text\">\n\t\t\n\n<h2>Podaci o organizaciji<\/h2>\n\t\t\n<style>\n#text-4174936313 {\n  font-size: 1.75rem;\n  text-align: center;\n  color: rgb(255, 255, 255);\n}\n#text-4174936313 > * {\n  color: rgb(255, 255, 255);\n}\n@media (min-width:550px) {\n  #text-4174936313 {\n    font-size: 1rem;\n  }\n}\n@media (min-width:850px) {\n  #text-4174936313 {\n    font-size: 1.25rem;\n  }\n}\n<\/style>\n\t<\/div>\n\t\n\t<div id=\"text-4143442670\" class=\"text\">\n\t\t\n\n<p><strong>MB<\/strong>: 07054866<br \/><strong>PIB<\/strong>: 102594822<br \/><strong>Ra\u010dun<\/strong>: 200-3142760101018-35<br \/><strong>Banka<\/strong>: BANKA PO\u0160TANSKA \u0160TEDIONICA<\/p>\n\t\t\n<style>\n#text-4143442670 {\n  font-size: 1rem;\n  text-align: center;\n  color: rgb(255, 255, 255);\n}\n#text-4143442670 > * {\n  color: rgb(255, 255, 255);\n}\n@media (min-width:550px) {\n  #text-4143442670 {\n    font-size: 0.9rem;\n  }\n}\n@media (min-width:850px) {\n  #text-4143442670 {\n    font-size: 1rem;\n  }\n}\n<\/style>\n\t<\/div>\n\t\n\t<div id=\"text-1051825228\" class=\"text\">\n\t\t\n\n<h2>Kontakt podaci<\/h2>\n<p><strong>Email:\u00a0<\/strong>sudijeoasb@gmail.com<br \/><strong>Telefon: <\/strong>064 8816078<br \/><strong>Predsednik:\u00a0<\/strong>Neboj\u0161a Zdravkovi\u0107<\/p>\n\t\t\n<style>\n#text-1051825228 {\n  color: rgb(255, 255, 255);\n}\n#text-1051825228 > * {\n  color: rgb(255, 255, 255);\n}\n<\/style>\n\t<\/div>\n\t\n\n\t\t<\/div>\n\t\t\t\t\n<style>\n#col-626697829 > .col-inner {\n  padding: 10px 10px 10px 11px;\n  margin: 0px 0px 0px 0px;\n}\n@media (min-width:850px) {\n  #col-626697829 > .col-inner {\n    padding: 10% 10% 10% 10%;\n  }\n}\n<\/style>\n\t<\/div>\n\n\t\n\n\t<div id=\"col-2042243853\" class=\"col medium-4 small-12 large-4\"  >\n\t\t\t\t<div class=\"col-inner\" style=\"background-color:rgb(255,255,255);\" >\n\t\t\t\n\t\t\t\n\n\n  <div class=\"banner has-hover\" id=\"banner-837034670\">\n          <div class=\"banner-inner fill\">\n        <div class=\"banner-bg fill\" >\n            <div class=\"bg fill bg-fill \"><\/div>\n                                    \n                    <\/div>\n\t\t\n        <div class=\"banner-layers container\">\n            <div class=\"fill banner-link\"><\/div>            \n\n\n        <\/div>\n      <\/div>\n\n            \n<style>\n#banner-837034670 {\n  padding-top: 99.99%;\n  background-color: rgb(255, 255, 255);\n}\n#banner-837034670 .ux-shape-divider--top svg {\n  height: 150px;\n  --divider-top-width: 100%;\n}\n#banner-837034670 .ux-shape-divider--bottom svg {\n  height: 150px;\n  --divider-width: 100%;\n}\n<\/style>\n  <\/div>\n\n\n\n\t\t<\/div>\n\t\t\t\t\n<style>\n#col-2042243853 > .col-inner {\n  margin: 0px 0px -320px 0px;\n}\n<\/style>\n\t<\/div>\n\n\t\n\n\n<style>\n#row-1588810509 > .col > .col-inner {\n  background-color: rgb(238, 238, 238);\n}\n<\/style>\n<\/div>\n<div class=\"row row-collapse align-equal\" style=\"max-width:1100px\" id=\"row-1252441446\">\n\n\n\t<div id=\"col-624859722\" class=\"col medium-4 small-12 large-4\"  >\n\t\t\t\t<div class=\"col-inner text-center\" style=\"background-color:rgb(39, 54, 71);\" >\n\t\t\t\n\t\t\t\n\n\t<div id=\"text-4210261720\" class=\"text\">\n\t\t\n\n<h2>Disciplinska komisija<\/h2>\n\t\t\n<style>\n#text-4210261720 {\n  font-size: 1.75rem;\n  text-align: center;\n  color: rgb(255, 255, 255);\n}\n#text-4210261720 > * {\n  color: rgb(255, 255, 255);\n}\n@media (min-width:550px) {\n  #text-4210261720 {\n    font-size: 1rem;\n  }\n}\n@media (min-width:850px) {\n  #text-4210261720 {\n    font-size: 1.25rem;\n  }\n}\n<\/style>\n\t<\/div>\n\t\n\t<div id=\"text-832532715\" class=\"text\">\n\t\t\n\n<p><strong>Predsednik<\/strong>: Jovan Mihajlovi\u0107<br \/>Kristian Jankovi\u0107<br \/>Milan Mati\u0107<br \/><br \/><\/p>\n\t\t\n<style>\n#text-832532715 {\n  font-size: 1rem;\n  text-align: center;\n  color: rgb(255, 255, 255);\n}\n#text-832532715 > * {\n  color: rgb(255, 255, 255);\n}\n@media (min-width:550px) {\n  #text-832532715 {\n    font-size: 0.9rem;\n  }\n}\n@media (min-width:850px) {\n  #text-832532715 {\n    font-size: 1rem;\n  }\n}\n<\/style>\n\t<\/div>\n\t\n\n\t\t<\/div>\n\t\t\t\t\n<style>\n#col-624859722 > .col-inner {\n  padding: 10% 10px 10% 11px;\n}\n@media (min-width:550px) {\n  #col-624859722 > .col-inner {\n    padding: 27% 10px 10px 11px;\n  }\n}\n@media (min-width:850px) {\n  #col-624859722 > .col-inner {\n    padding: 25% 10% 10% 10%;\n  }\n}\n<\/style>\n\t<\/div>\n\n\t\n\n\t<div id=\"col-964465695\" class=\"col hide-for-small medium-4 small-12 large-4\"  >\n\t\t\t\t<div class=\"col-inner\" style=\"background-color:rgb(255,255,255);\" >\n\t\t\t\n\t\t\t\n\n\n  <div class=\"banner has-hover\" id=\"banner-1052562564\">\n          <div class=\"banner-inner fill\">\n        <div class=\"banner-bg fill\" >\n            <div class=\"bg fill bg-fill \"><\/div>\n                                    \n                    <\/div>\n\t\t\n        <div class=\"banner-layers container\">\n            <div class=\"fill banner-link\"><\/div>            \n\n\t<div class=\"img has-hover x50 md-x50 lg-x50 y50 md-y50 lg-y50\" id=\"image_1796312822\">\n\t\t\t\t\t\t\t\t<div class=\"img-inner dark\" >\n\t\t\t<img loading=\"lazy\" decoding=\"async\" width=\"128\" height=\"128\" src=\"https:\/\/i0.wp.com\/oasb.rs\/wp-content\/uploads\/2022\/06\/2703063-128-1.png?fit=128%2C128&amp;ssl=1\" class=\"attachment-large size-large\" alt=\"\" \/>\t\t\t\t\t\t\n\t\t\t\t\t<\/div>\n\t\t\t\t\t\t\t\t\n<style>\n#image_1796312822 {\n  width: 23%;\n}\n@media (min-width:550px) {\n  #image_1796312822 {\n    width: 50%;\n  }\n}\n@media (min-width:850px) {\n  #image_1796312822 {\n    width: 49%;\n  }\n}\n<\/style>\n\t<\/div>\n\t\n\n\n        <\/div>\n      <\/div>\n\n            \n<style>\n#banner-1052562564 {\n  padding-top: 99.99%;\n  background-color: rgb(255,255,255);\n}\n#banner-1052562564 .ux-shape-divider--top svg {\n  height: 150px;\n  --divider-top-width: 100%;\n}\n#banner-1052562564 .ux-shape-divider--bottom svg {\n  height: 150px;\n  --divider-width: 100%;\n}\n<\/style>\n  <\/div>\n\n\n\n\t\t<\/div>\n\t\t\t\t\t<\/div>\n\n\t\n\n\t<div id=\"col-1720375170\" class=\"col medium-4 small-12 large-4\"  >\n\t\t\t\t<div class=\"col-inner text-center\" style=\"background-color:rgb(39, 54, 71);\" >\n\t\t\t\n\t\t\t\n\n\t<div id=\"gap-1872367035\" class=\"gap-element clearfix\" style=\"display:block; height:auto;\">\n\t\t\n<style>\n#gap-1872367035 {\n  padding-top: 25px;\n}\n<\/style>\n\t<\/div>\n\t\n\n\t<div id=\"text-1157564156\" class=\"text\">\n\t\t\n\n<h2>Nadzorni odbor<\/h2>\n\t\t\n<style>\n#text-1157564156 {\n  font-size: 1.75rem;\n  text-align: center;\n  color: rgb(255,255,255);\n}\n#text-1157564156 > * {\n  color: rgb(255,255,255);\n}\n@media (min-width:550px) {\n  #text-1157564156 {\n    font-size: 1rem;\n  }\n}\n@media (min-width:850px) {\n  #text-1157564156 {\n    font-size: 1.25rem;\n  }\n}\n<\/style>\n\t<\/div>\n\t\n\t<div id=\"text-2836352041\" class=\"text\">\n\t\t\n\n<p><b><strong>Predsednik<\/strong>: <\/b>Ozren Karamata<b><br \/><\/b>Du\u0161an Vukmirica<strong><br \/><\/strong>Mirko Savi\u0107<\/p>\n\t\t\n<style>\n#text-2836352041 {\n  font-size: 1rem;\n  text-align: center;\n  color: rgb(255,255,255);\n}\n#text-2836352041 > * {\n  color: rgb(255,255,255);\n}\n@media (min-width:550px) {\n  #text-2836352041 {\n    font-size: 0.9rem;\n  }\n}\n@media (min-width:850px) {\n  #text-2836352041 {\n    font-size: 1rem;\n  }\n}\n<\/style>\n\t<\/div>\n\t\n\n\t\t<\/div>\n\t\t\t\t\n<style>\n#col-1720375170 > .col-inner {\n  padding: 10% 10px 10% 11px;\n  margin: 70px 0px 0px 0px;\n}\n@media (min-width:550px) {\n  #col-1720375170 > .col-inner {\n    padding: 20% 10px 10px 11px;\n    margin: -1px 0px 0px 0px;\n  }\n}\n@media (min-width:850px) {\n  #col-1720375170 > .col-inner {\n    padding: 25% 10% 10% 10%;\n  }\n}\n<\/style>\n\t<\/div>\n\n\t\n\n\n<style>\n#row-1252441446 > .col > .col-inner {\n  background-color: rgb(238, 238, 238);\n}\n<\/style>\n<\/div>\n<div class=\"row row-collapse align-equal\" style=\"max-width:1100px\" id=\"row-1367631584\">\n\n\n\t<div id=\"col-1319723977\" class=\"col medium-4 small-12 large-4\"  >\n\t\t\t\t<div class=\"col-inner\"  >\n\t\t\t\n\t\t\t\n\n\n  <div class=\"banner has-hover\" id=\"banner-467139393\">\n          <div class=\"banner-inner fill\">\n        <div class=\"banner-bg fill\" >\n            <div class=\"bg fill bg-fill \"><\/div>\n                                    \n                    <\/div>\n\t\t\n        <div class=\"banner-layers container\">\n            <div class=\"fill banner-link\"><\/div>            \n\n\n        <\/div>\n      <\/div>\n\n            \n<style>\n#banner-467139393 {\n  padding-top: 99.99%;\n  background-color: rgb(255, 255, 255);\n}\n#banner-467139393 .ux-shape-divider--top svg {\n  height: 150px;\n  --divider-top-width: 100%;\n}\n#banner-467139393 .ux-shape-divider--bottom svg {\n  height: 150px;\n  --divider-width: 100%;\n}\n<\/style>\n  <\/div>\n\n\n\n\t\t<\/div>\n\t\t\t\t\n<style>\n#col-1319723977 > .col-inner {\n  margin: 0px 0px -320px 0px;\n}\n<\/style>\n\t<\/div>\n\n\t\n\n\t<div id=\"col-311019773\" class=\"col medium-4 small-12 large-4\"  >\n\t\t\t\t<div class=\"col-inner text-center\" style=\"background-color:rgb(39, 54, 71);\" >\n\t\t\t\n\t\t\t\n\n\t<div id=\"gap-851248051\" class=\"gap-element clearfix\" style=\"display:block; height:auto;\">\n\t\t\n<style>\n#gap-851248051 {\n  padding-top: 25px;\n}\n<\/style>\n\t<\/div>\n\t\n\n\t<div id=\"text-4006885341\" class=\"text\">\n\t\t\n\n<h2>Upravni odbor<\/h2>\n\t\t\n<style>\n#text-4006885341 {\n  font-size: 1.75rem;\n  text-align: center;\n  color: rgb(255,255,255);\n}\n#text-4006885341 > * {\n  color: rgb(255,255,255);\n}\n@media (min-width:550px) {\n  #text-4006885341 {\n    font-size: 1rem;\n  }\n}\n@media (min-width:850px) {\n  #text-4006885341 {\n    font-size: 1.25rem;\n  }\n}\n<\/style>\n\t<\/div>\n\t\n\t<div id=\"text-1700275226\" class=\"text\">\n\t\t\n\n<p><strong>Predsednik: <\/strong>Neboj\u0161a Zdravkovi\u0107<strong><br \/><\/strong>Cica \u0106ati\u0107<br \/>Ivan Ristov<br \/>Sa\u0161a Zdravkovi\u0107<br \/>Du\u0161ko Ran\u0111elovi\u0107<br \/>Biljana Ivanova<br \/>Dragana Ivanovi\u0107<\/p>\n\t\t\n<style>\n#text-1700275226 {\n  font-size: 1rem;\n  text-align: center;\n  color: rgb(255,255,255);\n}\n#text-1700275226 > * {\n  color: rgb(255,255,255);\n}\n@media (min-width:550px) {\n  #text-1700275226 {\n    font-size: 0.9rem;\n  }\n}\n@media (min-width:850px) {\n  #text-1700275226 {\n    font-size: 1rem;\n  }\n}\n<\/style>\n\t<\/div>\n\t\n\n\t\t<\/div>\n\t\t\t\t\n<style>\n#col-311019773 > .col-inner {\n  padding: 10px 10px 10px 11px;\n}\n@media (min-width:850px) {\n  #col-311019773 > .col-inner {\n    padding: 10% 10% 10% 10%;\n  }\n}\n<\/style>\n\t<\/div>\n\n\t\n\n\t<div id=\"col-389867792\" class=\"col hide-for-small medium-4 small-12 large-4\"  >\n\t\t\t\t<div class=\"col-inner\"  >\n\t\t\t\n\t\t\t\n\n\n  <div class=\"banner has-hover\" id=\"banner-1184011756\">\n          <div class=\"banner-inner fill\">\n        <div class=\"banner-bg fill\" >\n            <div class=\"bg fill bg-fill \"><\/div>\n                                    \n                    <\/div>\n\t\t\n        <div class=\"banner-layers container\">\n            <div class=\"fill banner-link\"><\/div>            \n\n\n        <\/div>\n      <\/div>\n\n            \n<style>\n#banner-1184011756 {\n  padding-top: 99.99%;\n  background-color: rgb(255, 255, 255);\n}\n#banner-1184011756 .ux-shape-divider--top svg {\n  height: 150px;\n  --divider-top-width: 100%;\n}\n#banner-1184011756 .ux-shape-divider--bottom svg {\n  height: 150px;\n  --divider-width: 100%;\n}\n<\/style>\n  <\/div>\n\n\n\n\t\t<\/div>\n\t\t\t\t\t<\/div>\n\n\t\n\n<\/div>\n\t<div id=\"gap-293134605\" class=\"gap-element clearfix\" style=\"display:block; height:auto;\">\n\t\t\n<style>\n#gap-293134605 {\n  padding-top: 30px;\n}\n<\/style>\n\t<\/div>\n\t\n\n\n\t\t<\/div>\n\n\t\t\n<style>\n#section_2058789164 {\n  padding-top: 0px;\n  padding-bottom: 0px;\n  min-height: 0px;\n}\n#section_2058789164 .ux-shape-divider--top svg {\n  height: 150px;\n  --divider-top-width: 100%;\n}\n#section_2058789164 .ux-shape-divider--bottom svg {\n  height: 150px;\n  --divider-width: 100%;\n}\n<\/style>\n\t<\/section>\n\t\n\n","protected":false},"excerpt":{"rendered":"","protected":false},"author":1,"featured_media":0,"parent":0,"menu_order":0,"comment_status":"closed","ping_status":"open","template":"page-blank.php","meta":{"footnotes":""},"class_list":["post-18","page","type-page","status-publish","hentry"],"jetpack_sharing_enabled":true,"_links":{"self":[{"href":"https:\/\/oasb.rs\/index.php\/wp-json\/wp\/v2\/pages\/18","targetHints":{"allow":["GET"]}}],"collection":[{"href":"https:\/\/oasb.rs\/index.php\/wp-json\/wp\/v2\/pages"}],"about":[{"href":"https:\/\/oasb.rs\/index.php\/wp-json\/wp\/v2\/types\/page"}],"author":[{"embeddable":true,"href":"https:\/\/oasb.rs\/index.php\/wp-json\/wp\/v2\/users\/1"}],"replies":[{"embeddable":true,"href":"https:\/\/oasb.rs\/index.php\/wp-json\/wp\/v2\/comments?post=18"}],"version-history":[{"count":74,"href":"https:\/\/oasb.rs\/index.php\/wp-json\/wp\/v2\/pages\/18\/revisions"}],"predecessor-version":[{"id":12403,"href":"https:\/\/oasb.rs\/index.php\/wp-json\/wp\/v2\/pages\/18\/revisions\/12403"}],"wp:attachment":[{"href":"https:\/\/oasb.rs\/index.php\/wp-json\/wp\/v2\/media?parent=18"}],"curies":[{"name":"wp","href":"https:\/\/api.w.org\/{rel}","templated":true}]}}